{"id":315,"date":"2017-06-12T15:03:06","date_gmt":"2017-06-12T15:03:06","guid":{"rendered":"http:\/\/themeforest.unitedthemes.com\/wpversions\/brooklyn\/xml\/demo3\/?page_id=315"},"modified":"2024-08-03T05:03:53","modified_gmt":"2024-08-03T05:03:53","slug":"contact","status":"publish","type":"page","link":"https:\/\/longchangextracts.com\/tr\/iletisim\/","title":{"rendered":"\u0130leti\u015fim"},"content":{"rendered":"<section id=\"ut-section-69f47d0156aa7\" data-vc-full-width=\"true\" data-vc-full-width-init=\"false\" data-cursor-skin=\"global\" class=\"vc_section ut-vc-120 vc_section-has-no-fill ut-section-69f47d0156ab1\"><div id=\"ut-row-69f47d0156fa0\" data-vc-full-width=\"true\" data-vc-full-width-init=\"false\" class=\"vc_row wpb_row vc_row-fluid vc_column-gap-0 ut-animate-element animated ut-no-animation-tablet ut-no-animation-mobile ut-row-69f47d01570ad\" data-effect=\"fadeIn\" data-animateonce=\"yes\" data-delay=\"50\" data-animation-duration=\"1s\"><div class=\"wpb_column vc_column_container vc_col-sm-6\" ><div id=\"ut_inner_column_69f47d01574fd\" class=\"vc_column-inner\" ><div class=\"wpb_wrapper\"><div class=\"wpb_content_element\"><style type=\"text\/css\">#ut_header_69f47d0157821 h2.section-title { font-size:45px !important;line-height:55px !important; }<\/style><header id=\"ut_header_69f47d0157821\" class=\"section-header  ut-no-title-linebreak-mobile ut-no-lead-linebreak-mobile pt-style-7 header-left header-tablet-left header-mobile-center element-with-custom-line-height\"><div class=\"element-with-custom-line-height\" ><h2 data-title=\"Drop us a line.\"  data-responsive-font=\"section_title\" data-responsive-font-settings=\"{&quot;base-font-size&quot;:&quot;global&quot;,&quot;font-size&quot;:{&quot;desktop_large&quot;:&quot;45&quot;},&quot;base-line-height&quot;:&quot;global&quot;,&quot;line-height&quot;:{&quot;desktop_large&quot;:&quot;55&quot;},&quot;base-letter-spacing&quot;:&quot;global&quot;}\" class=\"section-title\"><span>Bize bir sat\u0131r b\u0131rak\u0131n.<\/span><\/h2><\/div><div data-delay=\"0\" class=\"lead\"><p>Daha fazla bilgi i\u00e7in bizimle ileti\u015fime ge\u00e7menizi bekliyoruz<br \/>\n\u00fcr\u00fcnlerimizden veya hizmetlerimizden herhangi biri hakk\u0131nda.<\/p>\n<\/div><\/header><\/div><h3 style=\"text-align: left\" class=\"vc_custom_heading\">Bizi takip edin<\/h3><div class=\"wpb_content_element\"><style class=\"bklyn-inline-styles\" type=\"text\/css\">#ut_sf_69f47d015a8d1 li a i { color: #393c3e; }#ut_sf_69f47d015a8d1 li a:hover i { color: #0267c1; }#ut_sf_69f47d015a8d1 li a:focus i { color: #0267c1; }#ut_sf_69f47d015a8d1 { font-size: 20px; }<\/style><ul id=\"ut_sf_69f47d015a8d1\" class=\"ut-social-follow-module  ut-social-follow-module-left ut-social-follow-module-tablet-left ut-social-follow-module-mobile-center ut-social-follow-module-40 Pixel\" data-settings=\"{&quot;animate&quot;:false,&quot;effect&quot;:&quot;&quot;,&quot;delay_animation&quot;:false,&quot;global_delay_animation&quot;:false,&quot;delay_timer&quot;:100,&quot;global_delay_timer&quot;:100}\"><li  class=\"ut-social-follow-0 ut-social-follow-icon-only\"><a class=\"ut-social-follow-link\" href=\"#\" target=\"_blank\"><i class=\"fa fa-facebook\"><\/i><\/a><\/li><li  class=\"ut-social-follow-1 ut-social-follow-icon-only\"><a class=\"ut-social-follow-link\" href=\"#\" target=\"_blank\"><i class=\"fa fa-twitter\"><\/i><\/a><\/li><li  class=\"ut-social-follow-2 ut-social-follow-icon-only\"><a class=\"ut-social-follow-link\" href=\"#\" target=\"_blank\"><i class=\"fa fa-instagram\"><\/i><\/a><\/li><\/ul><\/div><\/div><\/div><\/div><div class=\"wpb_column vc_column_container vc_col-sm-6\" ><div id=\"ut_inner_column_69f47d015a9f0\" class=\"vc_column-inner\" ><div class=\"wpb_wrapper\">\n\t<div class=\"wpb_text_column wpb_content_element\" >\n\t\t<div class=\"wpb_wrapper\">\n\t\t\t<p><img loading=\"lazy\" decoding=\"async\" class=\"alignnone size-full wp-image-3695\" src=\"https:\/\/longchangextracts.com\/wp-content\/uploads\/2024\/08\/Longchang.jpg\" alt=\"\" width=\"722\" height=\"325\" \/><\/p>\n\n\t\t<\/div>\n\t<\/div>\n<\/div><\/div><\/div><\/div><div class=\"vc_row-full-width vc_clearfix\"><\/div><a data-id=\"section-without-id\" class=\"ut-vc-offset-anchor-bottom\" name=\"section-without-id\"><\/a><style type=\"text\/css\">#ut-section-69f47d0156aa7{padding-bottom: 160px !important;} <\/style><\/section><div class=\"vc_row-full-width vc_clearfix\"><\/div>","protected":false},"excerpt":{"rendered":"#ut_header_69f47d015bfa6 h2.section-title { font-size:45px !important;line-height:55px !important; }Drop us a line.We welcome you to contact us for more information about any of our products or services. Follow us#ut_sf_69f47d015c527 li a i { color: #393c3e; }#ut_sf_69f47d015c527 li a:hover i { color: #0267c1; }#ut_sf_69f47d015c527 li a:focus i { color: #0267c1; }#ut_sf_69f47d015c527 { font-size: 20px; } #ut-section-69f47d015b54a{padding-bottom: 160px !important;}","protected":false},"author":1,"featured_media":0,"parent":0,"menu_order":0,"comment_status":"closed","ping_status":"closed","template":"","meta":{"footnotes":""},"yoast_head":"<!-- This site is optimized with the Yoast SEO plugin v23.0 - https:\/\/yoast.com\/wordpress\/plugins\/seo\/ -->\n<title>Contact - China Chemical Manufacturer<\/title>\n<meta name=\"robots\" content=\"index, follow, max-snippet:-1, max-image-preview:large, max-video-preview:-1\" \/>\n<link rel=\"canonical\" href=\"https:\/\/longchangextracts.com\/tr\/iletisim\/\" \/>\n<meta property=\"og:locale\" content=\"tr_TR\" \/>\n<meta property=\"og:type\" content=\"article\" \/>\n<meta property=\"og:title\" content=\"Contact - China Chemical Manufacturer\" \/>\n<meta property=\"og:url\" content=\"https:\/\/longchangextracts.com\/tr\/iletisim\/\" \/>\n<meta property=\"og:site_name\" content=\"China Chemical Manufacturer\" \/>\n<meta property=\"article:modified_time\" content=\"2024-08-03T05:03:53+00:00\" \/>\n<meta property=\"og:image\" content=\"https:\/\/longchangextracts.com\/wp-content\/uploads\/2024\/08\/Longchang.jpg\" \/>\n<meta name=\"twitter:card\" content=\"summary_large_image\" \/>\n<meta name=\"twitter:label1\" content=\"Tahmini okuma s\u00fcresi\" \/>\n\t<meta name=\"twitter:data1\" content=\"1 dakika\" \/>\n<script type=\"application\/ld+json\" class=\"yoast-schema-graph\">{\"@context\":\"https:\/\/schema.org\",\"@graph\":[{\"@type\":\"WebPage\",\"@id\":\"https:\/\/longchangextracts.com\/contact\/\",\"url\":\"https:\/\/longchangextracts.com\/contact\/\",\"name\":\"Contact - China Chemical Manufacturer\",\"isPartOf\":{\"@id\":\"https:\/\/longchangextracts.com\/#website\"},\"primaryImageOfPage\":{\"@id\":\"https:\/\/longchangextracts.com\/contact\/#primaryimage\"},\"image\":{\"@id\":\"https:\/\/longchangextracts.com\/contact\/#primaryimage\"},\"thumbnailUrl\":\"https:\/\/longchangextracts.com\/wp-content\/uploads\/2024\/08\/Longchang.jpg\",\"datePublished\":\"2017-06-12T15:03:06+00:00\",\"dateModified\":\"2024-08-03T05:03:53+00:00\",\"breadcrumb\":{\"@id\":\"https:\/\/longchangextracts.com\/contact\/#breadcrumb\"},\"inLanguage\":\"tr\",\"potentialAction\":[{\"@type\":\"ReadAction\",\"target\":[\"https:\/\/longchangextracts.com\/contact\/\"]}]},{\"@type\":\"ImageObject\",\"inLanguage\":\"tr\",\"@id\":\"https:\/\/longchangextracts.com\/contact\/#primaryimage\",\"url\":\"https:\/\/longchangextracts.com\/wp-content\/uploads\/2024\/08\/Longchang.jpg\",\"contentUrl\":\"https:\/\/longchangextracts.com\/wp-content\/uploads\/2024\/08\/Longchang.jpg\"},{\"@type\":\"BreadcrumbList\",\"@id\":\"https:\/\/longchangextracts.com\/contact\/#breadcrumb\",\"itemListElement\":[{\"@type\":\"ListItem\",\"position\":1,\"name\":\"Home\",\"item\":\"https:\/\/longchangextracts.com\/\"},{\"@type\":\"ListItem\",\"position\":2,\"name\":\"Contact\"}]},{\"@type\":\"WebSite\",\"@id\":\"https:\/\/longchangextracts.com\/#website\",\"url\":\"https:\/\/longchangextracts.com\/\",\"name\":\"China Chemical Manufacturer\",\"description\":\"\",\"potentialAction\":[{\"@type\":\"SearchAction\",\"target\":{\"@type\":\"EntryPoint\",\"urlTemplate\":\"https:\/\/longchangextracts.com\/?s={search_term_string}\"},\"query-input\":\"required name=search_term_string\"}],\"inLanguage\":\"tr\"}]}<\/script>\n<!-- \/ Yoast SEO plugin. -->","yoast_head_json":{"title":"\u0130leti\u015fim - \u00c7in Kimyasal \u00dcreticisi","robots":{"index":"index","follow":"follow","max-snippet":"max-snippet:-1","max-image-preview":"max-image-preview:large","max-video-preview":"max-video-preview:-1"},"canonical":"https:\/\/longchangextracts.com\/tr\/iletisim\/","og_locale":"tr_TR","og_type":"article","og_title":"Contact - China Chemical Manufacturer","og_url":"https:\/\/longchangextracts.com\/tr\/iletisim\/","og_site_name":"China Chemical Manufacturer","article_modified_time":"2024-08-03T05:03:53+00:00","og_image":[{"url":"https:\/\/longchangextracts.com\/wp-content\/uploads\/2024\/08\/Longchang.jpg"}],"twitter_card":"summary_large_image","twitter_misc":{"Tahmini okuma s\u00fcresi":"1 dakika"},"schema":{"@context":"https:\/\/schema.org","@graph":[{"@type":"WebPage","@id":"https:\/\/longchangextracts.com\/contact\/","url":"https:\/\/longchangextracts.com\/contact\/","name":"\u0130leti\u015fim - \u00c7in Kimyasal \u00dcreticisi","isPartOf":{"@id":"https:\/\/longchangextracts.com\/#website"},"primaryImageOfPage":{"@id":"https:\/\/longchangextracts.com\/contact\/#primaryimage"},"image":{"@id":"https:\/\/longchangextracts.com\/contact\/#primaryimage"},"thumbnailUrl":"https:\/\/longchangextracts.com\/wp-content\/uploads\/2024\/08\/Longchang.jpg","datePublished":"2017-06-12T15:03:06+00:00","dateModified":"2024-08-03T05:03:53+00:00","breadcrumb":{"@id":"https:\/\/longchangextracts.com\/contact\/#breadcrumb"},"inLanguage":"tr","potentialAction":[{"@type":"ReadAction","target":["https:\/\/longchangextracts.com\/contact\/"]}]},{"@type":"ImageObject","inLanguage":"tr","@id":"https:\/\/longchangextracts.com\/contact\/#primaryimage","url":"https:\/\/longchangextracts.com\/wp-content\/uploads\/2024\/08\/Longchang.jpg","contentUrl":"https:\/\/longchangextracts.com\/wp-content\/uploads\/2024\/08\/Longchang.jpg"},{"@type":"BreadcrumbList","@id":"https:\/\/longchangextracts.com\/contact\/#breadcrumb","itemListElement":[{"@type":"ListItem","position":1,"name":"Home","item":"https:\/\/longchangextracts.com\/"},{"@type":"ListItem","position":2,"name":"Contact"}]},{"@type":"WebSite","@id":"https:\/\/longchangextracts.com\/#website","url":"https:\/\/longchangextracts.com\/","name":"\u00c7in Kimyasal \u00dcreticisi","description":"","potentialAction":[{"@type":"SearchAction","target":{"@type":"EntryPoint","urlTemplate":"https:\/\/longchangextracts.com\/?s={search_term_string}"},"query-input":"required name=search_term_string"}],"inLanguage":"tr"}]}},"_links":{"self":[{"href":"https:\/\/longchangextracts.com\/tr\/wp-json\/wp\/v2\/pages\/315"}],"collection":[{"href":"https:\/\/longchangextracts.com\/tr\/wp-json\/wp\/v2\/pages"}],"about":[{"href":"https:\/\/longchangextracts.com\/tr\/wp-json\/wp\/v2\/types\/page"}],"author":[{"embeddable":true,"href":"https:\/\/longchangextracts.com\/tr\/wp-json\/wp\/v2\/users\/1"}],"replies":[{"embeddable":true,"href":"https:\/\/longchangextracts.com\/tr\/wp-json\/wp\/v2\/comments?post=315"}],"version-history":[{"count":4,"href":"https:\/\/longchangextracts.com\/tr\/wp-json\/wp\/v2\/pages\/315\/revisions"}],"predecessor-version":[{"id":3696,"href":"https:\/\/longchangextracts.com\/tr\/wp-json\/wp\/v2\/pages\/315\/revisions\/3696"}],"wp:attachment":[{"href":"https:\/\/longchangextracts.com\/tr\/wp-json\/wp\/v2\/media?parent=315"}],"curies":[{"name":"wp","href":"https:\/\/api.w.org\/{rel}","templated":true}]}}