{"id":3,"date":"2024-01-18T08:16:45","date_gmt":"2024-01-18T08:16:45","guid":{"rendered":"http:\/\/box5820\/cgi\/addon_GT.cgi?s=GT::WP::Install::Cpanel+%28longcha9%29+-+127.0.0.1+%5Bnocaller%5D\/?page_id=3"},"modified":"2024-02-01T09:23:11","modified_gmt":"2024-02-01T09:23:11","slug":"privacy-policy","status":"publish","type":"page","link":"https:\/\/longchangextracts.com\/da\/privatlivspolitik\/","title":{"rendered":"Politik for beskyttelse af personlige oplysninger"},"content":{"rendered":"<h1 class=\"wp-block-heading\">Hvem vi er<\/h1>\r\n\r\n\r\n\r\n<p>Vores hjemmesideadresse er: https:\/\/longchangextracts.com<\/p>\r\n\r\n\r\n\r\n<h1 class=\"wp-block-heading\">Kommentarer<\/h1>\r\n\r\n\r\n\r\n<p>N\u00e5r bes\u00f8gende efterlader kommentarer p\u00e5 webstedet, indsamler vi de data, der vises i kommentarformularen, og ogs\u00e5 den bes\u00f8gendes IP-adresse og browserens brugeragentstreng for at hj\u00e6lpe med at opdage spam.<\/p>\r\n\r\n\r\n\r\n<p>En anonymiseret streng oprettet fra din e-mailadresse (ogs\u00e5 kaldet en hash) kan leveres til Gravatar-tjenesten for at se, om du bruger den. Gravatar-tjenestens privatlivspolitik er tilg\u00e6ngelig her: https:\/\/automattic.com\/privacy\/. Efter godkendelse af din kommentar er dit profilbillede synligt for offentligheden i forbindelse med din kommentar.<\/p>\r\n\r\n\r\n\r\n<h1 class=\"wp-block-heading\">Medier<\/h1>\r\n\r\n\r\n\r\n<p>Hvis du uploader billeder til hjemmesiden, b\u00f8r du undg\u00e5 at uploade billeder med indlejrede placeringsdata (EXIF GPS). Bes\u00f8gende p\u00e5 webstedet kan downloade og udtr\u00e6kke alle placeringsdata fra billeder p\u00e5 webstedet.<\/p>\r\n\r\n\r\n\r\n<h1 class=\"wp-block-heading\">Sm\u00e5kager<\/h1>\r\n\r\n\r\n\r\n<p>Hvis du skriver en kommentar p\u00e5 vores hjemmeside, kan du v\u00e6lge at gemme dit navn, din e-mailadresse og din hjemmeside i cookies. Det er for at g\u00f8re det nemmere for dig, s\u00e5 du ikke beh\u00f8ver at udfylde dine oplysninger igen, n\u00e5r du skriver en ny kommentar. Disse cookies vil vare i et \u00e5r.<\/p>\r\n\r\n\r\n\r\n<p>Hvis du bes\u00f8ger vores login-side, s\u00e6tter vi en midlertidig cookie for at afg\u00f8re, om din browser accepterer cookies. Denne cookie indeholder ingen personlige data og kasseres, n\u00e5r du lukker din browser.<\/p>\r\n\r\n\r\n\r\n<p>N\u00e5r du logger ind, s\u00e6tter vi ogs\u00e5 flere cookies op for at gemme dine loginoplysninger og dine valg af sk\u00e6rmvisning. Login-cookies holder i to dage, og cookies til sk\u00e6rmindstillinger holder i et \u00e5r. Hvis du v\u00e6lger \"Husk mig\", bevares dit login i to uger. Hvis du logger ud af din konto, vil login-cookies blive fjernet.<\/p>\r\n\r\n\r\n\r\n<p>Hvis du redigerer eller udgiver en artikel, gemmes der en ekstra cookie i din browser. Denne cookie indeholder ingen personlige data og angiver blot post-ID'et for den artikel, du lige har redigeret. Den udl\u00f8ber efter 1 dag.<\/p>\r\n\r\n\r\n\r\n<h1 class=\"wp-block-heading\">Indlejret indhold fra andre hjemmesider<\/h1>\r\n\r\n\r\n\r\n<p>Artikler p\u00e5 dette websted kan indeholde indlejret indhold (f.eks. videoer, billeder, artikler osv.). Indlejret indhold fra andre hjemmesider opf\u00f8rer sig p\u00e5 n\u00f8jagtig samme m\u00e5de, som hvis den bes\u00f8gende havde bes\u00f8gt den anden hjemmeside.<\/p>\r\n\r\n\r\n\r\n<p>Disse websteder kan indsamle data om dig, bruge cookies, indlejre yderligere tredjepartssporing og overv\u00e5ge din interaktion med det indlejrede indhold, herunder spore din interaktion med det indlejrede indhold, hvis du har en konto og er logget ind p\u00e5 det p\u00e5g\u00e6ldende websted.<\/p>\r\n\r\n\r\n\r\n<h1 class=\"wp-block-heading\">Hvem vi deler dine data med<\/h1>\r\n\r\n\r\n\r\n<p>Hvis du anmoder om at f\u00e5 nulstillet din adgangskode, vil din IP-adresse blive inkluderet i nulstillingsmailen.<\/p>\r\n\r\n\r\n\r\n<h1 class=\"wp-block-heading\">Hvor l\u00e6nge vi opbevarer dine data<\/h1>\r\n\r\n\r\n\r\n<p>Hvis du efterlader en kommentar, bevares kommentaren og dens metadata p\u00e5 ubestemt tid. Det er for, at vi kan genkende og godkende eventuelle opf\u00f8lgende kommentarer automatisk i stedet for at holde dem i en moderationsk\u00f8.<\/p>\r\n\r\n\r\n\r\n<p>For brugere, der registrerer sig p\u00e5 vores hjemmeside (hvis der er nogen), gemmer vi ogs\u00e5 de personlige oplysninger, de giver i deres brugerprofil. Alle brugere kan til enhver tid se, redigere eller slette deres personlige oplysninger (bortset fra at de ikke kan \u00e6ndre deres brugernavn). Webstedsadministratorer kan ogs\u00e5 se og redigere disse oplysninger.<\/p>\r\n\r\n\r\n\r\n<h1 class=\"wp-block-heading\">Hvilke rettigheder du har over dine data<\/h1>\r\n\r\n\r\n\r\n<p>Hvis du har en konto p\u00e5 dette websted eller har skrevet kommentarer, kan du anmode om at modtage en eksporteret fil med de persondata, vi har om dig, herunder alle data, du har givet os. Du kan ogs\u00e5 anmode om, at vi sletter alle personoplysninger, vi har om dig. Dette omfatter ikke data, som vi er forpligtet til at opbevare af administrative, juridiske eller sikkerhedsm\u00e6ssige \u00e5rsager.<\/p>\r\n\r\n\r\n\r\n<h1 class=\"wp-block-heading\">Hvor dine data sendes hen<\/h1>\r\n\r\n\r\n\r\n<p>Bes\u00f8gendes kommentarer kan blive kontrolleret gennem en automatiseret spamdetekteringstjeneste.<\/p>","protected":false},"excerpt":{"rendered":"<p>Who we are Our website address is: https:\/\/longchangextracts.com Comments When visitors leave comments on the site we collect the data shown in the comments form, and also the visitor\u2019s IP address and browser user agent string to help spam detection. An anonymized string created from your email address (also called a hash) may be provided [&hellip;]<\/p>","protected":false},"author":1,"featured_media":0,"parent":0,"menu_order":0,"comment_status":"closed","ping_status":"open","template":"","meta":{"footnotes":""},"yoast_head":"<!-- This site is optimized with the Yoast SEO plugin v23.0 - https:\/\/yoast.com\/wordpress\/plugins\/seo\/ -->\n<title>Privacy Policy - China Chemical Manufacturer<\/title>\n<meta name=\"robots\" content=\"index, follow, max-snippet:-1, max-image-preview:large, max-video-preview:-1\" \/>\n<link rel=\"canonical\" href=\"https:\/\/longchangextracts.com\/da\/privatlivspolitik\/\" \/>\n<meta property=\"og:locale\" content=\"da_DK\" \/>\n<meta property=\"og:type\" content=\"article\" \/>\n<meta property=\"og:title\" content=\"Privacy Policy - China Chemical Manufacturer\" \/>\n<meta property=\"og:description\" content=\"Who we are Our website address is: https:\/\/longchangextracts.com Comments When visitors leave comments on the site we collect the data shown in the comments form, and also the visitor\u2019s IP address and browser user agent string to help spam detection. An anonymized string created from your email address (also called a hash) may be provided [&hellip;]\" \/>\n<meta property=\"og:url\" content=\"https:\/\/longchangextracts.com\/da\/privatlivspolitik\/\" \/>\n<meta property=\"og:site_name\" content=\"China Chemical Manufacturer\" \/>\n<meta property=\"article:modified_time\" content=\"2024-02-01T09:23:11+00:00\" \/>\n<meta name=\"twitter:card\" content=\"summary_large_image\" \/>\n<meta name=\"twitter:label1\" content=\"Estimeret l\u00e6setid\" \/>\n\t<meta name=\"twitter:data1\" content=\"3 minutter\" \/>\n<script type=\"application\/ld+json\" class=\"yoast-schema-graph\">{\"@context\":\"https:\/\/schema.org\",\"@graph\":[{\"@type\":\"WebPage\",\"@id\":\"https:\/\/longchangextracts.com\/privacy-policy\/\",\"url\":\"https:\/\/longchangextracts.com\/privacy-policy\/\",\"name\":\"Privacy Policy - China Chemical Manufacturer\",\"isPartOf\":{\"@id\":\"https:\/\/longchangextracts.com\/#website\"},\"datePublished\":\"2024-01-18T08:16:45+00:00\",\"dateModified\":\"2024-02-01T09:23:11+00:00\",\"breadcrumb\":{\"@id\":\"https:\/\/longchangextracts.com\/privacy-policy\/#breadcrumb\"},\"inLanguage\":\"da-DK\",\"potentialAction\":[{\"@type\":\"ReadAction\",\"target\":[\"https:\/\/longchangextracts.com\/privacy-policy\/\"]}]},{\"@type\":\"BreadcrumbList\",\"@id\":\"https:\/\/longchangextracts.com\/privacy-policy\/#breadcrumb\",\"itemListElement\":[{\"@type\":\"ListItem\",\"position\":1,\"name\":\"Home\",\"item\":\"https:\/\/longchangextracts.com\/\"},{\"@type\":\"ListItem\",\"position\":2,\"name\":\"Privacy Policy\"}]},{\"@type\":\"WebSite\",\"@id\":\"https:\/\/longchangextracts.com\/#website\",\"url\":\"https:\/\/longchangextracts.com\/\",\"name\":\"China Chemical Manufacturer\",\"description\":\"\",\"potentialAction\":[{\"@type\":\"SearchAction\",\"target\":{\"@type\":\"EntryPoint\",\"urlTemplate\":\"https:\/\/longchangextracts.com\/?s={search_term_string}\"},\"query-input\":\"required name=search_term_string\"}],\"inLanguage\":\"da-DK\"}]}<\/script>\n<!-- \/ Yoast SEO plugin. -->","yoast_head_json":{"title":"Fortrolighedspolitik - kinesisk kemikalieproducent","robots":{"index":"index","follow":"follow","max-snippet":"max-snippet:-1","max-image-preview":"max-image-preview:large","max-video-preview":"max-video-preview:-1"},"canonical":"https:\/\/longchangextracts.com\/da\/privatlivspolitik\/","og_locale":"da_DK","og_type":"article","og_title":"Privacy Policy - China Chemical Manufacturer","og_description":"Who we are Our website address is: https:\/\/longchangextracts.com Comments When visitors leave comments on the site we collect the data shown in the comments form, and also the visitor\u2019s IP address and browser user agent string to help spam detection. An anonymized string created from your email address (also called a hash) may be provided [&hellip;]","og_url":"https:\/\/longchangextracts.com\/da\/privatlivspolitik\/","og_site_name":"China Chemical Manufacturer","article_modified_time":"2024-02-01T09:23:11+00:00","twitter_card":"summary_large_image","twitter_misc":{"Estimeret l\u00e6setid":"3 minutter"},"schema":{"@context":"https:\/\/schema.org","@graph":[{"@type":"WebPage","@id":"https:\/\/longchangextracts.com\/privacy-policy\/","url":"https:\/\/longchangextracts.com\/privacy-policy\/","name":"Fortrolighedspolitik - kinesisk kemikalieproducent","isPartOf":{"@id":"https:\/\/longchangextracts.com\/#website"},"datePublished":"2024-01-18T08:16:45+00:00","dateModified":"2024-02-01T09:23:11+00:00","breadcrumb":{"@id":"https:\/\/longchangextracts.com\/privacy-policy\/#breadcrumb"},"inLanguage":"da-DK","potentialAction":[{"@type":"ReadAction","target":["https:\/\/longchangextracts.com\/privacy-policy\/"]}]},{"@type":"BreadcrumbList","@id":"https:\/\/longchangextracts.com\/privacy-policy\/#breadcrumb","itemListElement":[{"@type":"ListItem","position":1,"name":"Home","item":"https:\/\/longchangextracts.com\/"},{"@type":"ListItem","position":2,"name":"Privacy Policy"}]},{"@type":"WebSite","@id":"https:\/\/longchangextracts.com\/#website","url":"https:\/\/longchangextracts.com\/","name":"Producent af kemikalier i Kina","description":"","potentialAction":[{"@type":"SearchAction","target":{"@type":"EntryPoint","urlTemplate":"https:\/\/longchangextracts.com\/?s={search_term_string}"},"query-input":"required name=search_term_string"}],"inLanguage":"da-DK"}]}},"_links":{"self":[{"href":"https:\/\/longchangextracts.com\/da\/wp-json\/wp\/v2\/pages\/3"}],"collection":[{"href":"https:\/\/longchangextracts.com\/da\/wp-json\/wp\/v2\/pages"}],"about":[{"href":"https:\/\/longchangextracts.com\/da\/wp-json\/wp\/v2\/types\/page"}],"author":[{"embeddable":true,"href":"https:\/\/longchangextracts.com\/da\/wp-json\/wp\/v2\/users\/1"}],"replies":[{"embeddable":true,"href":"https:\/\/longchangextracts.com\/da\/wp-json\/wp\/v2\/comments?post=3"}],"version-history":[{"count":3,"href":"https:\/\/longchangextracts.com\/da\/wp-json\/wp\/v2\/pages\/3\/revisions"}],"predecessor-version":[{"id":2464,"href":"https:\/\/longchangextracts.com\/da\/wp-json\/wp\/v2\/pages\/3\/revisions\/2464"}],"wp:attachment":[{"href":"https:\/\/longchangextracts.com\/da\/wp-json\/wp\/v2\/media?parent=3"}],"curies":[{"name":"wp","href":"https:\/\/api.w.org\/{rel}","templated":true}]}}