{"id":2,"date":"2024-01-18T08:16:45","date_gmt":"2024-01-18T08:16:45","guid":{"rendered":"http:\/\/box5820\/cgi\/addon_GT.cgi?s=GT::WP::Install::Cpanel+%28longcha9%29+-+127.0.0.1+[nocaller]\/?page_id=2"},"modified":"2024-01-18T08:16:45","modified_gmt":"2024-01-18T08:16:45","slug":"sample-page","status":"publish","type":"page","link":"https:\/\/longchangextracts.com\/da\/sample-page\/","title":{"rendered":"Eksempel p\u00e5 side"},"content":{"rendered":"<p>Dette er en eksempelside. Den adskiller sig fra et blogindl\u00e6g, fordi den forbliver p\u00e5 \u00e9t sted og vises i din webstedsnavigation (i de fleste temaer). De fleste starter med en \"Om\"-side, der pr\u00e6senterer dem for potentielle bes\u00f8gende. Der kan st\u00e5 noget i stil med dette:<\/p>\n\n\n\n<blockquote class=\"wp-block-quote\"><p>Hej med jer! Jeg er cykelbud om dagen, skuespilleraspirant om natten, og dette er min hjemmeside. Jeg bor i Los Angeles, har en dejlig hund, der hedder Jack, og jeg kan godt lide pi\u00f1a coladas. (Og at blive fanget i regnen).<\/p><\/blockquote>\n\n\n\n<p>...eller noget i den stil:<\/p>\n\n\n\n<blockquote class=\"wp-block-quote\"><p>XYZ Doohickey Company blev grundlagt i 1971 og har leveret kvalitetsdoohickeys til offentligheden lige siden. XYZ ligger i Gotham City og besk\u00e6ftiger over 2.000 mennesker og g\u00f8r alle mulige fantastiske ting for Gotham-samfundet.<\/p><\/blockquote>\n\n\n\n<p>Som ny WordPress-bruger skal du g\u00e5 til <a href=\"http:\/\/box5820\/cgi\/addon_GT.cgi?s=GT::WP::Install::Cpanel+%28longcha9%29+-+127.0.0.1+%5Bnocaller%5D\/wp-admin\/\">dit dashboard<\/a> for at slette denne side og oprette nye sider til dit indhold. God forn\u00f8jelse!<\/p>","protected":false},"excerpt":{"rendered":"<p>This is an example page. It&#8217;s different from a blog post because it will stay in one place and will show up in your site navigation (in most themes). Most people start with an About page that introduces them to potential site visitors. It might say something like this: Hi there! I&#8217;m a bike messenger [&hellip;]<\/p>","protected":false},"author":1,"featured_media":0,"parent":0,"menu_order":0,"comment_status":"closed","ping_status":"open","template":"","meta":{"footnotes":""},"yoast_head":"<!-- This site is optimized with the Yoast SEO plugin v23.0 - https:\/\/yoast.com\/wordpress\/plugins\/seo\/ -->\n<title>Sample Page - China Chemical Manufacturer<\/title>\n<meta name=\"robots\" content=\"index, follow, max-snippet:-1, max-image-preview:large, max-video-preview:-1\" \/>\n<link rel=\"canonical\" href=\"https:\/\/longchangextracts.com\/da\/sample-page\/\" \/>\n<meta property=\"og:locale\" content=\"da_DK\" \/>\n<meta property=\"og:type\" content=\"article\" \/>\n<meta property=\"og:title\" content=\"Sample Page - China Chemical Manufacturer\" \/>\n<meta property=\"og:description\" content=\"This is an example page. It&#8217;s different from a blog post because it will stay in one place and will show up in your site navigation (in most themes). Most people start with an About page that introduces them to potential site visitors. It might say something like this: Hi there! I&#8217;m a bike messenger [&hellip;]\" \/>\n<meta property=\"og:url\" content=\"https:\/\/longchangextracts.com\/da\/sample-page\/\" \/>\n<meta property=\"og:site_name\" content=\"China Chemical Manufacturer\" \/>\n<meta name=\"twitter:card\" content=\"summary_large_image\" \/>\n<meta name=\"twitter:label1\" content=\"Estimeret l\u00e6setid\" \/>\n\t<meta name=\"twitter:data1\" content=\"1 minut\" \/>\n<script type=\"application\/ld+json\" class=\"yoast-schema-graph\">{\"@context\":\"https:\/\/schema.org\",\"@graph\":[{\"@type\":\"WebPage\",\"@id\":\"https:\/\/longchangextracts.com\/sample-page\/\",\"url\":\"https:\/\/longchangextracts.com\/sample-page\/\",\"name\":\"Sample Page - China Chemical Manufacturer\",\"isPartOf\":{\"@id\":\"https:\/\/longchangextracts.com\/#website\"},\"datePublished\":\"2024-01-18T08:16:45+00:00\",\"dateModified\":\"2024-01-18T08:16:45+00:00\",\"breadcrumb\":{\"@id\":\"https:\/\/longchangextracts.com\/sample-page\/#breadcrumb\"},\"inLanguage\":\"da-DK\",\"potentialAction\":[{\"@type\":\"ReadAction\",\"target\":[\"https:\/\/longchangextracts.com\/sample-page\/\"]}]},{\"@type\":\"BreadcrumbList\",\"@id\":\"https:\/\/longchangextracts.com\/sample-page\/#breadcrumb\",\"itemListElement\":[{\"@type\":\"ListItem\",\"position\":1,\"name\":\"Home\",\"item\":\"https:\/\/longchangextracts.com\/\"},{\"@type\":\"ListItem\",\"position\":2,\"name\":\"Sample Page\"}]},{\"@type\":\"WebSite\",\"@id\":\"https:\/\/longchangextracts.com\/#website\",\"url\":\"https:\/\/longchangextracts.com\/\",\"name\":\"China Chemical Manufacturer\",\"description\":\"\",\"potentialAction\":[{\"@type\":\"SearchAction\",\"target\":{\"@type\":\"EntryPoint\",\"urlTemplate\":\"https:\/\/longchangextracts.com\/?s={search_term_string}\"},\"query-input\":\"required name=search_term_string\"}],\"inLanguage\":\"da-DK\"}]}<\/script>\n<!-- \/ Yoast SEO plugin. -->","yoast_head_json":{"title":"Eksempel p\u00e5 side - kinesisk kemikalieproducent","robots":{"index":"index","follow":"follow","max-snippet":"max-snippet:-1","max-image-preview":"max-image-preview:large","max-video-preview":"max-video-preview:-1"},"canonical":"https:\/\/longchangextracts.com\/da\/sample-page\/","og_locale":"da_DK","og_type":"article","og_title":"Sample Page - China Chemical Manufacturer","og_description":"This is an example page. It&#8217;s different from a blog post because it will stay in one place and will show up in your site navigation (in most themes). Most people start with an About page that introduces them to potential site visitors. It might say something like this: Hi there! I&#8217;m a bike messenger [&hellip;]","og_url":"https:\/\/longchangextracts.com\/da\/sample-page\/","og_site_name":"China Chemical Manufacturer","twitter_card":"summary_large_image","twitter_misc":{"Estimeret l\u00e6setid":"1 minut"},"schema":{"@context":"https:\/\/schema.org","@graph":[{"@type":"WebPage","@id":"https:\/\/longchangextracts.com\/sample-page\/","url":"https:\/\/longchangextracts.com\/sample-page\/","name":"Eksempel p\u00e5 side - kinesisk kemikalieproducent","isPartOf":{"@id":"https:\/\/longchangextracts.com\/#website"},"datePublished":"2024-01-18T08:16:45+00:00","dateModified":"2024-01-18T08:16:45+00:00","breadcrumb":{"@id":"https:\/\/longchangextracts.com\/sample-page\/#breadcrumb"},"inLanguage":"da-DK","potentialAction":[{"@type":"ReadAction","target":["https:\/\/longchangextracts.com\/sample-page\/"]}]},{"@type":"BreadcrumbList","@id":"https:\/\/longchangextracts.com\/sample-page\/#breadcrumb","itemListElement":[{"@type":"ListItem","position":1,"name":"Home","item":"https:\/\/longchangextracts.com\/"},{"@type":"ListItem","position":2,"name":"Sample Page"}]},{"@type":"WebSite","@id":"https:\/\/longchangextracts.com\/#website","url":"https:\/\/longchangextracts.com\/","name":"Producent af kemikalier i Kina","description":"","potentialAction":[{"@type":"SearchAction","target":{"@type":"EntryPoint","urlTemplate":"https:\/\/longchangextracts.com\/?s={search_term_string}"},"query-input":"required name=search_term_string"}],"inLanguage":"da-DK"}]}},"_links":{"self":[{"href":"https:\/\/longchangextracts.com\/da\/wp-json\/wp\/v2\/pages\/2"}],"collection":[{"href":"https:\/\/longchangextracts.com\/da\/wp-json\/wp\/v2\/pages"}],"about":[{"href":"https:\/\/longchangextracts.com\/da\/wp-json\/wp\/v2\/types\/page"}],"author":[{"embeddable":true,"href":"https:\/\/longchangextracts.com\/da\/wp-json\/wp\/v2\/users\/1"}],"replies":[{"embeddable":true,"href":"https:\/\/longchangextracts.com\/da\/wp-json\/wp\/v2\/comments?post=2"}],"version-history":[{"count":0,"href":"https:\/\/longchangextracts.com\/da\/wp-json\/wp\/v2\/pages\/2\/revisions"}],"wp:attachment":[{"href":"https:\/\/longchangextracts.com\/da\/wp-json\/wp\/v2\/media?parent=2"}],"curies":[{"name":"wp","href":"https:\/\/api.w.org\/{rel}","templated":true}]}}